{"id":1974,"date":"2018-11-19T22:43:08","date_gmt":"2018-11-19T22:43:08","guid":{"rendered":"http:\/\/alegalyasociados.com\/?page_id=1974"},"modified":"2018-11-19T22:43:08","modified_gmt":"2018-11-19T22:43:08","slug":"contratacion-publica","status":"publish","type":"page","link":"https:\/\/alegalyasociados.com\/zh\/contratacion-publica\/","title":{"rendered":"Contrataci\u00f3n P\u00fablica"},"content":{"rendered":"<div class=\"wpb-content-wrapper\"><p>[vc_row css=&#8221;.vc_custom_1459505865030{margin-bottom: 100px !important;}&#8221;][vc_column width=&#8221;3\/4&#8243;][vc_column_text css=&#8221;.vc_custom_1542667381324{margin-bottom: 50px !important;}&#8221;]<\/p>\n<h2>Contrataci\u00f3n P\u00fablica<\/h2>\n<p>Nuestra firma presta servicios de asesor\u00eda y asistencia en:<\/p>\n<ul>\n<li>Absoluci\u00f3n de consultas en materia de contrataci\u00f3n p\u00fablica.<\/li>\n<li>Revisi\u00f3n del Pliego de Cargos, adendas, y dem\u00e1s documentos que integran un pliego de cargos.<\/li>\n<li>Asesor\u00eda y participaci\u00f3n dentro de las distintas fases del procedimiento de selecci\u00f3n de contratista.<\/li>\n<li>Asesor\u00eda en la preparaci\u00f3n y presentaci\u00f3n de propuestas dentro de los procedimientos de selecci\u00f3n de contratista.<\/li>\n<li>Presentaci\u00f3n de Acci\u00f3n de Reclamo ante la Direcci\u00f3n General de Contrataciones P\u00fablicas.<\/li>\n<li>Sustentaci\u00f3n de Recursos de Impugnaci\u00f3n ante el Tribunal Administrativo de Contrataciones P\u00fablicas y tramitaci\u00f3n del mismo.<\/li>\n<\/ul>\n<p>[\/vc_column_text][\/vc_column][vc_column width=&#8221;1\/4&#8243;][stm_sidebar sidebar=&#8221;311&#8243;][\/vc_column][\/vc_row]<\/p>\n<\/div>","protected":false},"excerpt":{"rendered":"<p>[vc_row css=&#8221;.vc_custom_1459505865030{margin-bottom: 100px !important;}&#8221;][vc_column width=&#8221;3\/4&#8243;][vc_column_text css=&#8221;.vc_custom_1542667381324{margin-bottom: 50px !important;}&#8221;] Contrataci\u00f3n P\u00fablica Nuestra firma presta servicios de asesor\u00eda y asistencia en: Absoluci\u00f3n de consultas en materia de contrataci\u00f3n p\u00fablica. Revisi\u00f3n del Pliego de Cargos, adendas, y dem\u00e1s documentos que integran un pliego de cargos. Asesor\u00eda y participaci\u00f3n dentro de las distintas fases del procedimiento de selecci\u00f3n de<\/p>\n","protected":false},"author":1,"featured_media":0,"parent":0,"menu_order":0,"comment_status":"closed","ping_status":"closed","template":"","meta":{"amp_status":"","footnotes":""},"class_list":["post-1974","page","type-page","status-publish","hentry"],"_links":{"self":[{"href":"https:\/\/alegalyasociados.com\/zh\/wp-json\/wp\/v2\/pages\/1974","targetHints":{"allow":["GET"]}}],"collection":[{"href":"https:\/\/alegalyasociados.com\/zh\/wp-json\/wp\/v2\/pages"}],"about":[{"href":"https:\/\/alegalyasociados.com\/zh\/wp-json\/wp\/v2\/types\/page"}],"author":[{"embeddable":true,"href":"https:\/\/alegalyasociados.com\/zh\/wp-json\/wp\/v2\/users\/1"}],"replies":[{"embeddable":true,"href":"https:\/\/alegalyasociados.com\/zh\/wp-json\/wp\/v2\/comments?post=1974"}],"version-history":[{"count":1,"href":"https:\/\/alegalyasociados.com\/zh\/wp-json\/wp\/v2\/pages\/1974\/revisions"}],"predecessor-version":[{"id":1975,"href":"https:\/\/alegalyasociados.com\/zh\/wp-json\/wp\/v2\/pages\/1974\/revisions\/1975"}],"wp:attachment":[{"href":"https:\/\/alegalyasociados.com\/zh\/wp-json\/wp\/v2\/media?parent=1974"}],"curies":[{"name":"wp","href":"https:\/\/api.w.org\/{rel}","templated":true}]}}