{"id":377,"date":"2016-01-07T04:23:21","date_gmt":"2016-01-07T09:23:21","guid":{"rendered":"http:\/\/consulting.stylemixthemes.com\/?page_id=377"},"modified":"2020-05-29T20:26:23","modified_gmt":"2020-05-30T01:26:23","slug":"area-de-especialidad","status":"publish","type":"page","link":"https:\/\/alegalyasociados.com\/de\/area-de-especialidad\/","title":{"rendered":"Spezialgebiet"},"content":{"rendered":"<div class=\"wpb-content-wrapper\"><p>[vc_row][vc_column][vc_empty_space][\/vc_column][\/vc_row][vc_row][vc_column width=&#8221;2\/3&#8243;][vc_column_text]<\/p>\n<div class=\"elementor-element elementor-element-47038bf7 elementor-widget elementor-widget-heading\" data-id=\"47038bf7\" data-element_type=\"heading.default\">\n<div class=\"elementor-widget-container\">\n<p class=\"elementor-heading-title elementor-size-large\" style=\"text-align: center;\"><span style=\"font-size: 18pt;\"><em>Unsere Leistungen<\/em><\/span><\/p>\n<\/div>\n<\/div>\n<div class=\"elementor-element elementor-element-5255b42c elementor-widget elementor-widget-text-editor\" data-id=\"5255b42c\" data-element_type=\"text-editor.default\">\n<div class=\"elementor-widget-container\">\n<div class=\"elementor-text-editor elementor-clearfix\">\n<blockquote>\n<p style=\"text-align: center;\">Wir bieten Rechtsdienstleistungen mit h\u00f6chster Objektivit\u00e4t, Effektivit\u00e4t und Effizienz f\u00fcr unsere Kunden in verschiedenen Bereichen wie Gesellschaftsrecht, Vertr\u00e4ge, Bankwesen, Investitionen, Kontoer\u00f6ffnungen, beh\u00f6rdliche Lizenzen, Finanzierung, Kryptow\u00e4hrungen, Fintech, Strukturen, Compliance-Beratung, Ethik, Compliance und Risiko, Beratung zur Verh\u00fctung von Geldw\u00e4sche, Verwaltungsrecht, Arbeitsrecht, Flaggen, Handelsrecht, Rechtsstreitigkeiten, Verbraucherschutz, Verm\u00f6gensverwaltung, Seeverkehrsstreitigkeiten, Inkassomanagement ua.<\/p>\n<\/blockquote>\n<\/div>\n<\/div>\n<\/div>\n<p>[\/vc_column_text][\/vc_column][vc_column width=&#8221;1\/3&#8243;][stm_sidebar sidebar=&#8221;311&#8243;][\/vc_column][\/vc_row][vc_row][vc_column][vc_separator color=&#8221;black&#8221; style=&#8221;shadow&#8221;][\/vc_column][\/vc_row][vc_row][vc_column][vc_empty_space][\/vc_column][\/vc_row][vc_row][vc_column width=&#8221;1\/3&#8243;][stm_icon_box box_style=&#8221;style_4&#8243; icon=&#8221;fas fa-book&#8221; icon_size=&#8221;50&#8243; icon_color=&#8221;custom&#8221; icon_color_custom=&#8221;#241b17&#8243;]<\/p>\n<div class=\"elementor-element elementor-element-6d5300f8 elementor-widget elementor-widget-heading\" data-id=\"6d5300f8\" data-element_type=\"heading.default\">\n<div class=\"elementor-widget-container\">\n<h4 class=\"elementor-heading-title elementor-size-large\">Handb\u00fccher zur Verhinderung von Geldw\u00e4sche<\/h4>\n<\/div>\n<\/div>\n<div class=\"elementor-element elementor-element-b9f65f0 elementor-widget elementor-widget-text-editor\" data-id=\"b9f65f0\" data-element_type=\"text-editor.default\">\n<div class=\"elementor-widget-container\">\n<div class=\"elementor-text-editor elementor-clearfix\">\n<p>Wir unterst\u00fctzen die Erstellung und Aktualisierung von Handb\u00fcchern, Richtlinien, Prozessen und Kontrollen f\u00fcr PBC \/ FT \/ FPADM entsprechend der Gr\u00f6\u00dfe und Komplexit\u00e4t des Gesch\u00e4fts des verpflichteten Subjekts.<\/p>\n<\/div>\n<\/div>\n<\/div>\n<p>[\/stm_icon_box][\/vc_column][vc_column width=&#8221;1\/3&#8243;][stm_icon_box box_style=&#8221;style_4&#8243; icon=&#8221;stm-nokia_outline&#8221; icon_size=&#8221;50&#8243; icon_color=&#8221;custom&#8221; icon_color_custom=&#8221;#241b17&#8243;]<\/p>\n<div class=\"elementor-element elementor-element-456498b2 elementor-widget elementor-widget-heading\" data-id=\"456498b2\" data-element_type=\"heading.default\">\n<div class=\"elementor-widget-container\">\n<h4 class=\"elementor-heading-title elementor-size-large\">Due Diligence Outsourcing<\/h4>\n<\/div>\n<\/div>\n<div class=\"elementor-element elementor-element-afed44d elementor-widget elementor-widget-text-editor\" data-id=\"afed44d\" data-element_type=\"text-editor.default\">\n<div class=\"elementor-widget-container\">\n<div class=\"elementor-text-editor elementor-clearfix\">\n<p>Wir unterst\u00fctzen die Pflichtpersonen bei der Anwendung der Due-Diligence-Ma\u00dfnahmen ihrer Kunden<\/p>\n<\/div>\n<\/div>\n<\/div>\n<p>[\/stm_icon_box][\/vc_column][vc_column width=&#8221;1\/3&#8243;][stm_icon_box box_style=&#8221;style_4&#8243; icon=&#8221;fas fa-search&#8221; icon_size=&#8221;50&#8243; icon_color=&#8221;custom&#8221; icon_color_custom=&#8221;#241b17&#8243;]<\/p>\n<div class=\"elementor-element elementor-element-456498b2 elementor-widget elementor-widget-heading\" data-id=\"456498b2\" data-element_type=\"heading.default\">\n<div class=\"elementor-widget-container\">\n<div class=\"elementor-element elementor-element-35a4694c elementor-widget elementor-widget-heading\" data-id=\"35a4694c\" data-element_type=\"heading.default\">\n<div class=\"elementor-widget-container\">\n<h4 class=\"elementor-heading-title elementor-size-large\">Suche in speziellen Listen<\/h4>\n<\/div>\n<\/div>\n<div class=\"elementor-element elementor-element-668b10c3 elementor-widget elementor-widget-text-editor\" data-id=\"668b10c3\" data-element_type=\"text-editor.default\">\n<div class=\"elementor-widget-container\">\n<div class=\"elementor-text-editor elementor-clearfix\">\n<p>Wir \u00fcberpr\u00fcfen die potenziellen Kunden, Mitarbeiter, Lieferanten usw. gegen nationale und internationale Listings f\u00fcr PBC \/ FT \/ FPADM.<\/p>\n<\/div>\n<\/div>\n<\/div>\n<\/div>\n<\/div>\n<p>[\/stm_icon_box][\/vc_column][\/vc_row][vc_row][vc_column][vc_empty_space][\/vc_column][\/vc_row][vc_row][vc_column width=&#8221;1\/3&#8243;][stm_icon_box box_style=&#8221;style_4&#8243; icon=&#8221;fas fa-edit&#8221; icon_size=&#8221;50&#8243; icon_color=&#8221;custom&#8221; icon_color_custom=&#8221;#241b17&#8243;]<\/p>\n<div class=\"elementor-element elementor-element-456498b2 elementor-widget elementor-widget-heading\" data-id=\"456498b2\" data-element_type=\"heading.default\">\n<div class=\"elementor-widget-container\">\n<div class=\"elementor-element elementor-element-35a4694c elementor-widget elementor-widget-heading\" data-id=\"35a4694c\" data-element_type=\"heading.default\">\n<div class=\"elementor-widget-container\">\n<div class=\"elementor-element elementor-element-75025151 elementor-widget elementor-widget-heading\" data-id=\"75025151\" data-element_type=\"heading.default\">\n<div class=\"elementor-widget-container\">\n<h4 class=\"elementor-heading-title elementor-size-large\">Kunden-, Mitarbeiter- und Lieferantenformulare<\/h4>\n<\/div>\n<\/div>\n<div class=\"elementor-element elementor-element-7eba076d elementor-widget elementor-widget-text-editor\" data-id=\"7eba076d\" data-element_type=\"text-editor.default\">\n<div class=\"elementor-widget-container\">\n<div class=\"elementor-text-editor elementor-clearfix\">\n<p>Wir unterst\u00fctzen Sie bei der \u00dcberarbeitung, Erstellung und \/ oder Aktualisierung der Formulare je nach Sektor jedes Pflichtfachs.<\/p>\n<\/div>\n<\/div>\n<\/div>\n<\/div>\n<\/div>\n<\/div>\n<\/div>\n<p>[\/stm_icon_box][\/vc_column][vc_column width=&#8221;1\/3&#8243;][stm_icon_box box_style=&#8221;style_4&#8243; icon=&#8221;fas fa-hand-holding-usd&#8221; icon_size=&#8221;50&#8243; icon_color=&#8221;custom&#8221; icon_color_custom=&#8221;#241b17&#8243;]<\/p>\n<div class=\"elementor-element elementor-element-456498b2 elementor-widget elementor-widget-heading\" data-id=\"456498b2\" data-element_type=\"heading.default\">\n<div class=\"elementor-widget-container\">\n<div class=\"elementor-element elementor-element-35a4694c elementor-widget elementor-widget-heading\" data-id=\"35a4694c\" data-element_type=\"heading.default\">\n<div class=\"elementor-widget-container\">\n<div class=\"elementor-element elementor-element-8aefb3e elementor-widget elementor-widget-heading\" data-id=\"8aefb3e\" data-element_type=\"heading.default\">\n<div class=\"elementor-widget-container\">\n<h4 class=\"elementor-heading-title elementor-size-large\">Risikomanagement<\/h4>\n<\/div>\n<\/div>\n<div class=\"elementor-element elementor-element-9525c76 elementor-widget elementor-widget-text-editor\" data-id=\"9525c76\" data-element_type=\"text-editor.default\">\n<div class=\"elementor-widget-container\">\n<div class=\"elementor-text-editor elementor-clearfix\">\n<p>Wir unterst\u00fctzen Sie bei der \u00dcberarbeitung, Erstellung und \/ oder Aktualisierung der Formulare je nach Sektor jedes Pflichtfachs.<\/p>\n<\/div>\n<\/div>\n<\/div>\n<\/div>\n<\/div>\n<\/div>\n<\/div>\n<p>[\/stm_icon_box][\/vc_column][vc_column width=&#8221;1\/3&#8243;][stm_icon_box box_style=&#8221;style_4&#8243; icon=&#8221;fas fa-book-reader&#8221; icon_size=&#8221;50&#8243; icon_color=&#8221;custom&#8221; icon_color_custom=&#8221;#241b17&#8243;]<\/p>\n<div class=\"elementor-element elementor-element-456498b2 elementor-widget elementor-widget-heading\" data-id=\"456498b2\" data-element_type=\"heading.default\">\n<div class=\"elementor-widget-container\">\n<div class=\"elementor-element elementor-element-35a4694c elementor-widget elementor-widget-heading\" data-id=\"35a4694c\" data-element_type=\"heading.default\">\n<div class=\"elementor-widget-container\">\n<div class=\"elementor-element elementor-element-8aefb3e elementor-widget elementor-widget-heading\" data-id=\"8aefb3e\" data-element_type=\"heading.default\">\n<div class=\"elementor-widget-container\">\n<h4 class=\"elementor-heading-title elementor-size-large\">Schulungen \/ Workshops<\/h4>\n<\/div>\n<\/div>\n<div class=\"elementor-element elementor-element-9525c76 elementor-widget elementor-widget-text-editor\" data-id=\"9525c76\" data-element_type=\"text-editor.default\">\n<div class=\"elementor-widget-container\">\n<div class=\"elementor-text-editor elementor-clearfix\">\n<p>Wir schulen Ihr Team, einschlie\u00dflich des Vorstands, um es \u00fcber PBC \/ FT \/ FPADM-Probleme auf dem Laufenden zu halten und auf diese Weise die gesetzlichen Anforderungen zu erf\u00fcllen und die Lernziele zu erreichen.<\/p>\n<\/div>\n<\/div>\n<\/div>\n<\/div>\n<\/div>\n<\/div>\n<\/div>\n<p>[\/stm_icon_box][\/vc_column][\/vc_row][vc_row][vc_column][vc_empty_space][\/vc_column][\/vc_row][vc_row][vc_column width=&#8221;1\/3&#8243;][stm_icon_box box_style=&#8221;style_4&#8243; icon=&#8221;fas fa-redo&#8221; icon_size=&#8221;50&#8243; icon_color=&#8221;custom&#8221; icon_color_custom=&#8221;#241b17&#8243;]<\/p>\n<div class=\"elementor-element elementor-element-456498b2 elementor-widget elementor-widget-heading\" data-id=\"456498b2\" data-element_type=\"heading.default\">\n<div class=\"elementor-widget-container\">\n<div class=\"elementor-element elementor-element-35a4694c elementor-widget elementor-widget-heading\" data-id=\"35a4694c\" data-element_type=\"heading.default\">\n<div class=\"elementor-widget-container\">\n<div class=\"elementor-element elementor-element-8aefb3e elementor-widget elementor-widget-heading\" data-id=\"8aefb3e\" data-element_type=\"heading.default\">\n<div class=\"elementor-widget-container\">\n<h4 class=\"elementor-heading-title elementor-size-large\">Aktualisierung<\/h4>\n<\/div>\n<\/div>\n<div class=\"elementor-element elementor-element-9525c76 elementor-widget elementor-widget-text-editor\" data-id=\"9525c76\" data-element_type=\"text-editor.default\">\n<div class=\"elementor-widget-container\">\n<div class=\"elementor-text-editor elementor-clearfix\">\n<p>Wir halten das verpflichtete Thema \u00fcber Fragen der Einhaltung gesetzlicher Vorschriften auf dem Laufenden und bieten auch nachtr\u00e4gliche Nachverfolgung der angebotenen Dienstleistungen an, unabh\u00e4ngig davon, ob es sich um Handb\u00fccher, Formulare, Risikomatrizen usw. handelt.<\/p>\n<\/div>\n<\/div>\n<\/div>\n<\/div>\n<\/div>\n<\/div>\n<\/div>\n<p>[\/stm_icon_box][\/vc_column][vc_column width=&#8221;1\/3&#8243;][stm_icon_box box_style=&#8221;style_4&#8243; icon=&#8221;fas fa-award&#8221; icon_size=&#8221;50&#8243; icon_color=&#8221;custom&#8221; icon_color_custom=&#8221;#241b17&#8243;]<\/p>\n<div class=\"elementor-element elementor-element-456498b2 elementor-widget elementor-widget-heading\" data-id=\"456498b2\" data-element_type=\"heading.default\">\n<div class=\"elementor-widget-container\">\n<div class=\"elementor-element elementor-element-35a4694c elementor-widget elementor-widget-heading\" data-id=\"35a4694c\" data-element_type=\"heading.default\">\n<div class=\"elementor-widget-container\">\n<div class=\"elementor-element elementor-element-8aefb3e elementor-widget elementor-widget-heading\" data-id=\"8aefb3e\" data-element_type=\"heading.default\">\n<div class=\"elementor-widget-container\">\n<h4 class=\"elementor-heading-title elementor-size-large\">Spezialisierte Beratung<\/h4>\n<\/div>\n<\/div>\n<div class=\"elementor-element elementor-element-9525c76 elementor-widget elementor-widget-text-editor\" data-id=\"9525c76\" data-element_type=\"text-editor.default\">\n<div class=\"elementor-widget-container\">\n<div class=\"elementor-text-editor elementor-clearfix\">\n<p>Wir beraten Sie zu speziellen Themen im Zusammenhang mit der Verhinderung von Geldw\u00e4sche.<\/p>\n<\/div>\n<\/div>\n<\/div>\n<\/div>\n<\/div>\n<\/div>\n<\/div>\n<p>[\/stm_icon_box][\/vc_column][vc_column width=&#8221;1\/3&#8243;][\/vc_column][\/vc_row]<\/p>\n<\/div>","protected":false},"excerpt":{"rendered":"<p>[vc_row][vc_column][vc_empty_space][\/vc_column][\/vc_row][vc_row][vc_column width=&#8221;2\/3&#8243;][vc_column_text] Unsere Leistungen Wir bieten Rechtsdienstleistungen mit h\u00f6chster Objektivit\u00e4t, Effektivit\u00e4t und Effizienz f\u00fcr unsere Kunden in verschiedenen Bereichen wie Gesellschaftsrecht, Vertr\u00e4ge, Bankwesen, Investitionen, Kontoer\u00f6ffnungen, beh\u00f6rdliche Lizenzen, Finanzierung, Kryptow\u00e4hrungen, Fintech, Strukturen, Compliance-Beratung, Ethik, Compliance und Risiko, Beratung zur Verh\u00fctung von Geldw\u00e4sche, Verwaltungsrecht, Arbeitsrecht, Flaggen, Handelsrecht, Rechtsstreitigkeiten, Verbraucherschutz, Verm\u00f6gensverwaltung, Seeverkehrsstreitigkeiten, Inkassomanagement ua. [\/vc_column_text][\/vc_column][vc_column width=&#8221;1\/3&#8243;][stm_sidebar sidebar=&#8221;311&#8243;][\/vc_column][\/vc_row][vc_row][vc_column][vc_separator color=&#8221;black&#8221;<\/p>\n","protected":false},"author":1,"featured_media":0,"parent":0,"menu_order":0,"comment_status":"closed","ping_status":"closed","template":"","meta":{"amp_status":"","footnotes":""},"class_list":["post-377","page","type-page","status-publish","hentry"],"_links":{"self":[{"href":"https:\/\/alegalyasociados.com\/de\/wp-json\/wp\/v2\/pages\/377","targetHints":{"allow":["GET"]}}],"collection":[{"href":"https:\/\/alegalyasociados.com\/de\/wp-json\/wp\/v2\/pages"}],"about":[{"href":"https:\/\/alegalyasociados.com\/de\/wp-json\/wp\/v2\/types\/page"}],"author":[{"embeddable":true,"href":"https:\/\/alegalyasociados.com\/de\/wp-json\/wp\/v2\/users\/1"}],"replies":[{"embeddable":true,"href":"https:\/\/alegalyasociados.com\/de\/wp-json\/wp\/v2\/comments?post=377"}],"version-history":[{"count":30,"href":"https:\/\/alegalyasociados.com\/de\/wp-json\/wp\/v2\/pages\/377\/revisions"}],"predecessor-version":[{"id":2685,"href":"https:\/\/alegalyasociados.com\/de\/wp-json\/wp\/v2\/pages\/377\/revisions\/2685"}],"wp:attachment":[{"href":"https:\/\/alegalyasociados.com\/de\/wp-json\/wp\/v2\/media?parent=377"}],"curies":[{"name":"wp","href":"https:\/\/api.w.org\/{rel}","templated":true}]}}