{"id":2332,"date":"2020-03-11T15:58:13","date_gmt":"2020-03-11T20:58:13","guid":{"rendered":"https:\/\/alegalyasociados.com\/?page_id=2332"},"modified":"2020-05-29T17:19:38","modified_gmt":"2020-05-29T22:19:38","slug":"claudia-garate","status":"publish","type":"page","link":"https:\/\/alegalyasociados.com\/de\/claudia-garate\/","title":{"rendered":"Claudia G\u00e1rate"},"content":{"rendered":"<div class=\"wpb-content-wrapper\"><p>[vc_row][vc_column][vc_empty_space][\/vc_column][\/vc_row][vc_row][vc_column width=&#8221;3\/4&#8243;][vc_column_text]<\/p>\n<div class=\"thrv_wrapper thrv_contentbox_shortcode\" data-tve-style=\"3\">\n<div class=\"tve_cb tve_cb3 tve_white\">\n<h3><span class=\"bold_text\" style=\"font-size: 14pt;\">Claudia G\u00e1rate &#8211; Partnerin<img loading=\"lazy\" decoding=\"async\" class=\"wp-image-2333 size-medium alignright\" src=\"https:\/\/alegalyasociados.com\/wp-content\/uploads\/2020\/03\/Claudia-225x300.jpg\" alt=\"\" width=\"225\" height=\"300\" srcset=\"https:\/\/alegalyasociados.com\/wp-content\/uploads\/2020\/03\/Claudia-225x300.jpg 225w, https:\/\/alegalyasociados.com\/wp-content\/uploads\/2020\/03\/Claudia-767x1024.jpg 767w, https:\/\/alegalyasociados.com\/wp-content\/uploads\/2020\/03\/Claudia-768x1025.jpg 768w, https:\/\/alegalyasociados.com\/wp-content\/uploads\/2020\/03\/Claudia-1151x1536.jpg 1151w, https:\/\/alegalyasociados.com\/wp-content\/uploads\/2020\/03\/Claudia-1535x2048.jpg 1535w, https:\/\/alegalyasociados.com\/wp-content\/uploads\/2020\/03\/Claudia-scaled.jpg 1919w\" sizes=\"auto, (max-width: 225px) 100vw, 225px\" \/><\/span><\/h3>\n<p class=\"\"><span style=\"font-size: 14pt;\">Kontakt: c.garate@alegalyasociados.com\u200b<\/span><\/p>\n<p><span style=\"font-size: 14pt;\"><img loading=\"lazy\" decoding=\"async\" class=\" wp-image-2316 alignnone\" src=\"https:\/\/alegalyasociados.com\/wp-content\/uploads\/2020\/03\/icon-whatsap.png\" alt=\"\" width=\"26\" height=\"25\" \/> <strong>+507 6070- 3375<br \/>\n<\/strong><\/span><\/p>\n<p>&nbsp;<\/p>\n<div class=\"thrv_wrapper thrv_contentbox_shortcode\" data-tve-style=\"3\">\n<div class=\"tve_cb tve_cb3 tve_white\">\n<div class=\"tve_hd tve_cb_cnt\" data-tve-custom-colour=\"23967845\">\n<h3 class=\"tve_p_left\" data-unit=\"px\"><span style=\"font-size: 14pt;\">Gesch\u00e4ftszweige<\/span><\/h3>\n<\/div>\n<div class=\"tve_cb_cnt\">\n<p class=\"tvealignjustify\"><span style=\"font-size: 14pt;\"><em><span class=\"bold_text\">Bankrecht | Compliance<\/span><\/em><\/span><\/p>\n<p>&nbsp;<\/p>\n<\/div>\n<\/div>\n<\/div>\n<p><span style=\"font-size: 14pt;\">Frau G\u00e1rate arbeitete 7 Jahre lang bei einer US-amerikanischen Kapitalbank mit einer allgemeinen Betriebslizenz in der Republik Panama und sammelte umfangreiche Erfahrungen in der praktischen Anwendung des Bankrechts und der Einhaltung von Vorschriften zur Verhinderung von Geldw\u00e4sche.<\/span><\/p>\n<p><span style=\"font-size: 14pt;\">Sie hat sich auf Bankkorrespondenten, FATCA, CRS und Ermittlungen haupts\u00e4chlich spezialisiert und derzeit auf den Immobiliensektor ausgerichtet.<\/span><\/p>\n<p><span style=\"font-size: 14pt;\">Gleichzeitig \u00fcbte sie die allgemeine Rechtspraxis unabh\u00e4ngig aus, was ihr eine globale Vision der institutionellen und pers\u00f6nlichen Bed\u00fcrfnisse der Mandanten erm\u00f6glicht.<\/span><\/p>\n<p><span style=\"font-size: 14pt;\">Frau G\u00e1rate ist Absolventin der Universidad Latinoamericana f\u00fcr Au\u00dfenhandel mit einem Abschluss in Rechts- und Politikwissenschaften.<\/span><\/p>\n<p><span style=\"font-size: 14pt;\">Seit 2019 ist sie Mitglied der Association of Compliance Officers von Panama.<\/span><\/p>\n<\/div>\n<\/div>\n<p><span style=\"font-size: 14pt;\">[\/vc_column_text][\/vc_column][vc_column width=&#8221;1\/4&#8243;][stm_sidebar sidebar=&#8221;311&#8243;][\/vc_column][\/vc_row]<\/span><\/p>\n<\/div>","protected":false},"excerpt":{"rendered":"<p>[vc_row][vc_column][vc_empty_space][\/vc_column][\/vc_row][vc_row][vc_column width=&#8221;3\/4&#8243;][vc_column_text] Claudia G\u00e1rate &#8211; Partnerin Kontakt: c.garate@alegalyasociados.com\u200b +507 6070- 3375 &nbsp; Gesch\u00e4ftszweige Bankrecht | Compliance &nbsp; Frau G\u00e1rate arbeitete 7 Jahre lang bei einer US-amerikanischen Kapitalbank mit einer allgemeinen Betriebslizenz in der Republik Panama und sammelte umfangreiche Erfahrungen in der praktischen Anwendung des Bankrechts und der Einhaltung von Vorschriften zur Verhinderung von Geldw\u00e4sche. Sie<\/p>\n","protected":false},"author":1,"featured_media":0,"parent":0,"menu_order":0,"comment_status":"closed","ping_status":"closed","template":"","meta":{"amp_status":"","footnotes":""},"class_list":["post-2332","page","type-page","status-publish","hentry"],"_links":{"self":[{"href":"https:\/\/alegalyasociados.com\/de\/wp-json\/wp\/v2\/pages\/2332","targetHints":{"allow":["GET"]}}],"collection":[{"href":"https:\/\/alegalyasociados.com\/de\/wp-json\/wp\/v2\/pages"}],"about":[{"href":"https:\/\/alegalyasociados.com\/de\/wp-json\/wp\/v2\/types\/page"}],"author":[{"embeddable":true,"href":"https:\/\/alegalyasociados.com\/de\/wp-json\/wp\/v2\/users\/1"}],"replies":[{"embeddable":true,"href":"https:\/\/alegalyasociados.com\/de\/wp-json\/wp\/v2\/comments?post=2332"}],"version-history":[{"count":7,"href":"https:\/\/alegalyasociados.com\/de\/wp-json\/wp\/v2\/pages\/2332\/revisions"}],"predecessor-version":[{"id":2668,"href":"https:\/\/alegalyasociados.com\/de\/wp-json\/wp\/v2\/pages\/2332\/revisions\/2668"}],"wp:attachment":[{"href":"https:\/\/alegalyasociados.com\/de\/wp-json\/wp\/v2\/media?parent=2332"}],"curies":[{"name":"wp","href":"https:\/\/api.w.org\/{rel}","templated":true}]}}