{"id":2323,"date":"2020-03-11T15:45:09","date_gmt":"2020-03-11T20:45:09","guid":{"rendered":"https:\/\/alegalyasociados.com\/?page_id=2323"},"modified":"2020-05-29T18:04:23","modified_gmt":"2020-05-29T23:04:23","slug":"gladys-sepulveda","status":"publish","type":"page","link":"https:\/\/alegalyasociados.com\/de\/gladys-sepulveda\/","title":{"rendered":"Gladys Sep\u00falveda"},"content":{"rendered":"<div class=\"wpb-content-wrapper\"><p>[vc_row][vc_column][vc_empty_space][\/vc_column][\/vc_row][vc_row][vc_column width=&#8221;3\/4&#8243;][vc_column_text]<\/p>\n<div class=\"thrv_wrapper thrv_contentbox_shortcode\" data-tve-style=\"3\">\n<div class=\"tve_cb tve_cb3 tve_white\">\n<h3><span class=\"bold_text\" style=\"font-size: 14pt;\">Gladys Sep\u00falveda &#8211; Partner.<img loading=\"lazy\" decoding=\"async\" class=\"size-medium wp-image-2324 alignright\" src=\"https:\/\/alegalyasociados.com\/wp-content\/uploads\/2020\/03\/Gladys-235x300.jpg\" alt=\"\" width=\"235\" height=\"300\" srcset=\"https:\/\/alegalyasociados.com\/wp-content\/uploads\/2020\/03\/Gladys-235x300.jpg 235w, https:\/\/alegalyasociados.com\/wp-content\/uploads\/2020\/03\/Gladys-801x1024.jpg 801w, https:\/\/alegalyasociados.com\/wp-content\/uploads\/2020\/03\/Gladys-768x982.jpg 768w, https:\/\/alegalyasociados.com\/wp-content\/uploads\/2020\/03\/Gladys-1201x1536.jpg 1201w, https:\/\/alegalyasociados.com\/wp-content\/uploads\/2020\/03\/Gladys-1601x2048.jpg 1601w, https:\/\/alegalyasociados.com\/wp-content\/uploads\/2020\/03\/Gladys-scaled.jpg 2002w\" sizes=\"auto, (max-width: 235px) 100vw, 235px\" \/><\/span><\/h3>\n<p class=\"\"><span style=\"font-size: 14pt;\">Kontakt: g.sepulveda@alegalyasociados.com\u200b<\/span><\/p>\n<p><span style=\"font-size: 14pt;\"><img loading=\"lazy\" decoding=\"async\" class=\" wp-image-2316 alignnone\" src=\"https:\/\/alegalyasociados.com\/wp-content\/uploads\/2020\/03\/icon-whatsap.png\" alt=\"\" width=\"26\" height=\"25\" \/> <strong>+507 6349-7941<br \/>\n<\/strong><\/span><\/p>\n<p>&nbsp;<\/p>\n<div class=\"thrv_wrapper thrv_contentbox_shortcode\" data-tve-style=\"3\">\n<div class=\"tve_cb tve_cb3 tve_white\">\n<div class=\"tve_hd tve_cb_cnt\" data-tve-custom-colour=\"23967845\">\n<h3 class=\"tve_p_left\" data-unit=\"px\"><span style=\"font-size: 14pt;\">Gesch\u00e4ftszweige<\/span><\/h3>\n<\/div>\n<div class=\"tve_cb_cnt\">\n<p class=\"tvealignjustify\"><span style=\"font-size: 14pt;\"><em><span class=\"bold_text\"><span style=\"color: #151515;\">Rechtsstreitigkeiten im Allgemeinen Verbraucherschutz | Arbeitsrechtsstreitigkeiten im Allgemeinen | Einwanderungsrecht<\/span><\/span><\/em><\/span><\/p>\n<p>&nbsp;<\/p>\n<\/div>\n<\/div>\n<\/div>\n<p><span style=\"font-size: 14pt;\">Absolventin der Universit\u00e4t von Panama in 2005 mit dem Abschluss in Rechts- und Politikwissenschaften. Sie hat 15 Jahre Erfahrung im Schutz und der Wahrung der Kundenrechte. Seine T\u00e4tigkeitsbereiche sind: Rechtsvertretung in Verbraucherschutzklagen, Arbeitsrecht, Zivilrecht, Strafrecht, mit umfassender Erfahrung im Bereich des kontradiktorischen Strafrechtssystem, im Handelsrecht und in Verwaltungsangelegenheiten, einschlie\u00dflich Verfahren wie der Protokollierung von Akten von Verwaltungsr\u00e4ten oder Aktion\u00e4rsversammlungen, Wechsel von Verwaltungsratsmitgliedern und leitenden Angestellten, Gew\u00e4hrung allgemeiner oder besonderer Handlungsbefugnisse; sowie Migration, die nichts anderes ist als die in Panama festgelegten Vorschriften, die es Besuchern und Einwanderern erm\u00f6glichen, unter verschiedenen Modalit\u00e4ten Einreise- und Aufenthaltsvisa zu erhalten.<\/span><\/p>\n<\/div>\n<\/div>\n<p><span style=\"font-size: 14pt;\">[\/vc_column_text][\/vc_column][vc_column width=&#8221;1\/4&#8243;][stm_sidebar sidebar=&#8221;311&#8243;][\/vc_column][\/vc_row]<\/span><\/p>\n<\/div>","protected":false},"excerpt":{"rendered":"<p>[vc_row][vc_column][vc_empty_space][\/vc_column][\/vc_row][vc_row][vc_column width=&#8221;3\/4&#8243;][vc_column_text] Gladys Sep\u00falveda &#8211; Partner. Kontakt: g.sepulveda@alegalyasociados.com\u200b +507 6349-7941 &nbsp; Gesch\u00e4ftszweige Rechtsstreitigkeiten im Allgemeinen Verbraucherschutz | Arbeitsrechtsstreitigkeiten im Allgemeinen | Einwanderungsrecht &nbsp; Absolventin der Universit\u00e4t von Panama in 2005 mit dem Abschluss in Rechts- und Politikwissenschaften. Sie hat 15 Jahre Erfahrung im Schutz und der Wahrung der Kundenrechte. Seine T\u00e4tigkeitsbereiche sind: Rechtsvertretung in Verbraucherschutzklagen,<\/p>\n","protected":false},"author":1,"featured_media":0,"parent":0,"menu_order":0,"comment_status":"closed","ping_status":"closed","template":"","meta":{"amp_status":"","footnotes":""},"class_list":["post-2323","page","type-page","status-publish","hentry"],"_links":{"self":[{"href":"https:\/\/alegalyasociados.com\/de\/wp-json\/wp\/v2\/pages\/2323","targetHints":{"allow":["GET"]}}],"collection":[{"href":"https:\/\/alegalyasociados.com\/de\/wp-json\/wp\/v2\/pages"}],"about":[{"href":"https:\/\/alegalyasociados.com\/de\/wp-json\/wp\/v2\/types\/page"}],"author":[{"embeddable":true,"href":"https:\/\/alegalyasociados.com\/de\/wp-json\/wp\/v2\/users\/1"}],"replies":[{"embeddable":true,"href":"https:\/\/alegalyasociados.com\/de\/wp-json\/wp\/v2\/comments?post=2323"}],"version-history":[{"count":11,"href":"https:\/\/alegalyasociados.com\/de\/wp-json\/wp\/v2\/pages\/2323\/revisions"}],"predecessor-version":[{"id":2530,"href":"https:\/\/alegalyasociados.com\/de\/wp-json\/wp\/v2\/pages\/2323\/revisions\/2530"}],"wp:attachment":[{"href":"https:\/\/alegalyasociados.com\/de\/wp-json\/wp\/v2\/media?parent=2323"}],"curies":[{"name":"wp","href":"https:\/\/api.w.org\/{rel}","templated":true}]}}