{"id":2267,"date":"2020-02-14T00:13:18","date_gmt":"2020-02-14T05:13:18","guid":{"rendered":"https:\/\/alegalyasociados.com\/?page_id=2267"},"modified":"2020-05-29T18:35:44","modified_gmt":"2020-05-29T23:35:44","slug":"corresponsales-y-alianzas","status":"publish","type":"page","link":"https:\/\/alegalyasociados.com\/de\/corresponsales-y-alianzas\/","title":{"rendered":"Korrespondenten &#8211; Allianzen"},"content":{"rendered":"<div class=\"wpb-content-wrapper\"><p><span style=\"font-size: 14pt;\">[vc_empty_space]<\/span><\/p>\n<p>[vc_row css=&#8221;.vc_custom_1459505865030{margin-bottom: 100px !important;}&#8221;]<\/p>\n<p>[vc_column][vc_column_text]<\/p>\n<h3 class=\"vc_custom_heading vc_custom_1550853224065\" style=\"text-align: center;\">Korrespondenten<\/h3>\n<div class=\"wpb_text_column wpb_content_element vc_custom_1550853164128\">\n<div class=\"wpb_wrapper\">\n<p style=\"text-align: center;\"><span class=\"\">Wir arbeiten mit Korrespondenten in Kolumbien, Ecuador, Miami, Mexiko, Argentinien, Uruguay und Dubai zusammen und werden so von einem breiten und erfahrenen Arbeitsteam unterst\u00fctzt, das nicht nur die L\u00f6sung f\u00fcr Ihre Bed\u00fcrfnisse in anderen Gebieten bietet, sondern auch den Komfort, den Sie ben\u00f6tigen, um Ihre Ziele auf Unternehmensebene zu erreichen<\/span><span class=\"\">.<\/span><\/p>\n<\/div>\n<\/div>\n<p>[\/vc_column_text][vc_separator color=&#8221;orange&#8221; style=&#8221;shadow&#8221;][vc_column_text]<\/p>\n<h3 class=\"vc_custom_heading vc_custom_1550853216218\" style=\"text-align: center;\">Allianzen<\/h3>\n<div class=\"wpb_text_column wpb_content_element vc_custom_1550853164128\">\n<div class=\"wpb_wrapper\">\n<div class=\"wpb_text_column wpb_content_element vc_custom_1459838787291\">\n<div class=\"wpb_wrapper\">\n<p style=\"text-align: center;\">Wir sind Teil strategischer Allianzen, die zur F\u00f6rderung des panamaischen Gesch\u00e4fts\u00f6kosystems und zur Verbesserung der Gesellschaft beitragen.<\/p>\n<\/div>\n<\/div>\n<p style=\"text-align: center;\"><span class=\"\"><a href=\"https:\/\/danielmunoz.c21.com\/\" target=\"_blank\" rel=\"noopener noreferrer\"> <img loading=\"lazy\" decoding=\"async\" class=\"size-medium wp-image-2269 alignleft\" src=\"https:\/\/alegalyasociados.com\/wp-content\/uploads\/2020\/02\/ResidentialLeft-300x119.png\" alt=\"\" width=\"300\" height=\"119\" srcset=\"https:\/\/alegalyasociados.com\/wp-content\/uploads\/2020\/02\/ResidentialLeft-300x119.png 300w, https:\/\/alegalyasociados.com\/wp-content\/uploads\/2020\/02\/ResidentialLeft-1024x405.png 1024w, https:\/\/alegalyasociados.com\/wp-content\/uploads\/2020\/02\/ResidentialLeft-768x304.png 768w, https:\/\/alegalyasociados.com\/wp-content\/uploads\/2020\/02\/ResidentialLeft.png 1290w\" sizes=\"auto, (max-width: 300px) 100vw, 300px\" \/><\/a><a href=\"http:\/\/new.montechiaroconsultants.com\/\" target=\"_blank\" rel=\"noopener noreferrer\"><img loading=\"lazy\" decoding=\"async\" class=\"size-medium wp-image-2270 alignleft\" src=\"https:\/\/alegalyasociados.com\/wp-content\/uploads\/2020\/02\/cropped-LogoRecurso-1Color-1-180x88-1.png\" alt=\"\" width=\"180\" height=\"88\" \/> <\/a><\/span><\/p>\n<\/div>\n<\/div>\n<p><span class=\"\"><a href=\"https:\/\/birmania-pa.com\/\" target=\"_blank\" rel=\"noopener noreferrer\"><img loading=\"lazy\" decoding=\"async\" class=\"alignnone wp-image-2563\" src=\"https:\/\/alegalyasociados.com\/wp-content\/uploads\/2020\/05\/birmania-300x136.jpeg\" alt=\"\" width=\"210\" height=\"95\" srcset=\"https:\/\/alegalyasociados.com\/wp-content\/uploads\/2020\/05\/birmania-300x136.jpeg 300w, https:\/\/alegalyasociados.com\/wp-content\/uploads\/2020\/05\/birmania-768x347.jpeg 768w, https:\/\/alegalyasociados.com\/wp-content\/uploads\/2020\/05\/birmania.jpeg 1024w\" sizes=\"auto, (max-width: 210px) 100vw, 210px\" \/><\/a><\/span><\/p>\n<p>&nbsp;<\/p>\n<p>&nbsp;<\/p>\n<p>&nbsp;<\/p>\n<p>[\/vc_column_text][\/vc_column][\/vc_row]<\/p>\n<\/div>","protected":false},"excerpt":{"rendered":"<p>[vc_empty_space] [vc_row css=&#8221;.vc_custom_1459505865030{margin-bottom: 100px !important;}&#8221;] [vc_column][vc_column_text] Korrespondenten Wir arbeiten mit Korrespondenten in Kolumbien, Ecuador, Miami, Mexiko, Argentinien, Uruguay und Dubai zusammen und werden so von einem breiten und erfahrenen Arbeitsteam unterst\u00fctzt, das nicht nur die L\u00f6sung f\u00fcr Ihre Bed\u00fcrfnisse in anderen Gebieten bietet, sondern auch den Komfort, den Sie ben\u00f6tigen, um Ihre Ziele auf Unternehmensebene<\/p>\n","protected":false},"author":1,"featured_media":0,"parent":0,"menu_order":0,"comment_status":"closed","ping_status":"closed","template":"","meta":{"amp_status":"","footnotes":""},"class_list":["post-2267","page","type-page","status-publish","hentry"],"_links":{"self":[{"href":"https:\/\/alegalyasociados.com\/de\/wp-json\/wp\/v2\/pages\/2267","targetHints":{"allow":["GET"]}}],"collection":[{"href":"https:\/\/alegalyasociados.com\/de\/wp-json\/wp\/v2\/pages"}],"about":[{"href":"https:\/\/alegalyasociados.com\/de\/wp-json\/wp\/v2\/types\/page"}],"author":[{"embeddable":true,"href":"https:\/\/alegalyasociados.com\/de\/wp-json\/wp\/v2\/users\/1"}],"replies":[{"embeddable":true,"href":"https:\/\/alegalyasociados.com\/de\/wp-json\/wp\/v2\/comments?post=2267"}],"version-history":[{"count":10,"href":"https:\/\/alegalyasociados.com\/de\/wp-json\/wp\/v2\/pages\/2267\/revisions"}],"predecessor-version":[{"id":2674,"href":"https:\/\/alegalyasociados.com\/de\/wp-json\/wp\/v2\/pages\/2267\/revisions\/2674"}],"wp:attachment":[{"href":"https:\/\/alegalyasociados.com\/de\/wp-json\/wp\/v2\/media?parent=2267"}],"curies":[{"name":"wp","href":"https:\/\/api.w.org\/{rel}","templated":true}]}}