{"id":2250,"date":"2020-02-11T15:43:04","date_gmt":"2020-02-11T20:43:04","guid":{"rendered":"http:\/\/alegalyasociados.com\/?page_id=2250"},"modified":"2020-05-29T17:34:58","modified_gmt":"2020-05-29T22:34:58","slug":"lic-homero-londono","status":"publish","type":"page","link":"https:\/\/alegalyasociados.com\/de\/lic-homero-londono\/","title":{"rendered":"Lic. Homero Londo\u00f1o"},"content":{"rendered":"<div class=\"wpb-content-wrapper\"><p>&nbsp;<\/p>\n<p><span style=\"font-size: 14pt;\">[vc_row][vc_column][vc_empty_space][\/vc_column][\/vc_row][vc_row css=&#8221;.vc_custom_1459505865030{margin-bottom: 100px !important;}&#8221;][vc_column width=&#8221;3\/4&#8243;][vc_column_text css=&#8221;.vc_custom_1583959157156{margin-bottom: 50px !important;}&#8221;]<\/span><\/p>\n<div class=\"thrv_wrapper thrv_contentbox_shortcode\" data-tve-style=\"3\">\n<div class=\"tve_cb tve_cb3 tve_white\">\n<h3><span class=\"bold_text\" style=\"font-size: 14pt;\">Homero Londo\u00f1o &#8211; Partner.<img loading=\"lazy\" decoding=\"async\" class=\"size-medium wp-image-2304 alignright\" src=\"https:\/\/alegalyasociados.com\/wp-content\/uploads\/2020\/03\/Homero-200x300.jpg\" alt=\"\" width=\"200\" height=\"300\" srcset=\"https:\/\/alegalyasociados.com\/wp-content\/uploads\/2020\/03\/Homero-200x300.jpg 200w, https:\/\/alegalyasociados.com\/wp-content\/uploads\/2020\/03\/Homero-683x1024.jpg 683w, https:\/\/alegalyasociados.com\/wp-content\/uploads\/2020\/03\/Homero-768x1152.jpg 768w, https:\/\/alegalyasociados.com\/wp-content\/uploads\/2020\/03\/Homero-1024x1536.jpg 1024w, https:\/\/alegalyasociados.com\/wp-content\/uploads\/2020\/03\/Homero-1365x2048.jpg 1365w, https:\/\/alegalyasociados.com\/wp-content\/uploads\/2020\/03\/Homero-scaled.jpg 1707w\" sizes=\"auto, (max-width: 200px) 100vw, 200px\" \/><\/span><\/h3>\n<p class=\"\"><span style=\"font-size: 14pt;\">Kontakt: h.londono@alegalyasociados.com\u200b<\/span><\/p>\n<p><span style=\"font-size: 14pt;\"><img loading=\"lazy\" decoding=\"async\" class=\" wp-image-2316 alignnone\" src=\"https:\/\/alegalyasociados.com\/wp-content\/uploads\/2020\/03\/icon-whatsap.png\" alt=\"\" width=\"26\" height=\"25\" \/> <strong>+507 6949-2480<br \/>\n<\/strong><\/span><\/p>\n<p>&nbsp;<\/p>\n<div class=\"thrv_wrapper thrv_contentbox_shortcode\" data-tve-style=\"3\">\n<div class=\"tve_cb tve_cb3 tve_white\">\n<h3 class=\"tve_hd tve_cb_cnt\" data-tve-custom-colour=\"23967845\"><span style=\"font-size: 14pt;\">Gesch\u00e4ftszweige<\/span><\/h3>\n<div class=\"tve_cb_cnt\">\n<p class=\"tvealignjustify\"><span style=\"font-size: 14pt;\"><em><span class=\"bold_text\"><span style=\"color: #151515;\">Bank- und Finanzwesen Fusionen und \u00dcbernahmen Projektentwicklung und Finanzierung B\u00f6rsenregulierung | Strukturierung von Emissionen Finanzanalyse | Lokale und internationale B\u00f6rse | Anlageprodukte | Verm\u00f6gensverwaltung | Unternehmens- und Finanzberatung B\u00f6rsenmakler | Grundst\u00fccks- und Immobilienverk\u00e4ufe<\/span><\/span><\/em><\/span><\/p>\n<p>&nbsp;<\/p>\n<\/div>\n<\/div>\n<\/div>\n<p class=\"tvealignjustify\"><span style=\"font-size: 14pt;\">Herr Londo\u00f1o tritt in die Kanzlei mit 15 Jahren Erfahrung im Finanzsektor ein, davon 4 Jahre im Bankensektor und 11 Jahre im Investmentsektor, insbesondere in Wertpapierabteilungen bei verschiedenen nationalen und internationalen Banken, darunter Caja de Ahorros (Sparkasse, Panama), Banistmo (Panama), LatinClear (Treuhandgesellschaft, Panama), Global Valores (Global Bank, Panama), Inteligo Bank (Grupo Interbank, Peru), Multisecurities (Multibank, Panama), Balboa Securities (Balboa Bank &#038; Trust, Panama), Capital Assets Consulting Inc. (Capital Bank, Panama), Erfahrung in traditionellen Bankprodukten, Anlageprodukten auf dem lokalen und internationalen Wertpapiermarkt, personalisierte Beratung und Erhaltung von Kapital, Vertr\u00e4ge, Analyse und Vorbereitung von Anlageportfolios, Verm\u00f6gensverwaltung, Strukturierungen, Registrierung von Wertpapieren und Verwaltungsverfahren sowie zahlreiche Seminare zur Verh\u00fctung von Geldw\u00e4sche sowie ein Kursseminar mit der international anerkannten Custodian Pershing LLC in Jersey City, New Jersey.<\/span><\/p>\n<p class=\"tvealignjustify\"><span style=\"font-size: 14pt;\">Gleichzeitig \u00fcbte er die allgemeine Rechtspraxis unabh\u00e4ngig aus, was ihm eine globale Vision der institutionellen und pers\u00f6nlichen Bed\u00fcrfnisse der Mandanten erm\u00f6glicht.<\/span><\/p>\n<p class=\"tvealignjustify\"><span style=\"font-size: 14pt;\">Herr Ledezma ist Absolvent der Universidad Latina de Panam\u00e1 mit dem Abschluss in Rechts- und Politikwissenschaften.<\/span><\/p>\n<p class=\"tvealignjustify\"><span style=\"font-size: 14pt;\">Derzeit unterh\u00e4lt er g\u00fcltige Securities Broker- und Chief Executive-Lizenzen, die von der Superintendenz des Panama Stock Market genehmigt wurden.<\/span><\/p>\n<\/div>\n<\/div>\n<p><span style=\"font-size: 14pt;\">[\/vc_column_text][\/vc_column][vc_column width=&#8221;1\/4&#8243;][stm_sidebar sidebar=&#8221;311&#8243;][\/vc_column][\/vc_row]<\/span><\/p>\n<\/div>","protected":false},"excerpt":{"rendered":"<p>&nbsp; [vc_row][vc_column][vc_empty_space][\/vc_column][\/vc_row][vc_row css=&#8221;.vc_custom_1459505865030{margin-bottom: 100px !important;}&#8221;][vc_column width=&#8221;3\/4&#8243;][vc_column_text css=&#8221;.vc_custom_1583959157156{margin-bottom: 50px !important;}&#8221;] Homero Londo\u00f1o &#8211; Partner. Kontakt: h.londono@alegalyasociados.com\u200b +507 6949-2480 &nbsp; Gesch\u00e4ftszweige Bank- und Finanzwesen Fusionen und \u00dcbernahmen Projektentwicklung und Finanzierung B\u00f6rsenregulierung | Strukturierung von Emissionen Finanzanalyse | Lokale und internationale B\u00f6rse | Anlageprodukte | Verm\u00f6gensverwaltung | Unternehmens- und Finanzberatung B\u00f6rsenmakler | Grundst\u00fccks- und Immobilienverk\u00e4ufe &nbsp; Herr Londo\u00f1o<\/p>\n","protected":false},"author":2,"featured_media":0,"parent":0,"menu_order":0,"comment_status":"closed","ping_status":"closed","template":"","meta":{"amp_status":"","footnotes":""},"class_list":["post-2250","page","type-page","status-publish","hentry"],"_links":{"self":[{"href":"https:\/\/alegalyasociados.com\/de\/wp-json\/wp\/v2\/pages\/2250","targetHints":{"allow":["GET"]}}],"collection":[{"href":"https:\/\/alegalyasociados.com\/de\/wp-json\/wp\/v2\/pages"}],"about":[{"href":"https:\/\/alegalyasociados.com\/de\/wp-json\/wp\/v2\/types\/page"}],"author":[{"embeddable":true,"href":"https:\/\/alegalyasociados.com\/de\/wp-json\/wp\/v2\/users\/2"}],"replies":[{"embeddable":true,"href":"https:\/\/alegalyasociados.com\/de\/wp-json\/wp\/v2\/comments?post=2250"}],"version-history":[{"count":8,"href":"https:\/\/alegalyasociados.com\/de\/wp-json\/wp\/v2\/pages\/2250\/revisions"}],"predecessor-version":[{"id":2532,"href":"https:\/\/alegalyasociados.com\/de\/wp-json\/wp\/v2\/pages\/2250\/revisions\/2532"}],"wp:attachment":[{"href":"https:\/\/alegalyasociados.com\/de\/wp-json\/wp\/v2\/media?parent=2250"}],"curies":[{"name":"wp","href":"https:\/\/api.w.org\/{rel}","templated":true}]}}