{"id":2247,"date":"2020-02-11T15:40:10","date_gmt":"2020-02-11T20:40:10","guid":{"rendered":"http:\/\/alegalyasociados.com\/?page_id=2247"},"modified":"2020-05-29T16:54:35","modified_gmt":"2020-05-29T21:54:35","slug":"lic-jose-ledezma","status":"publish","type":"page","link":"https:\/\/alegalyasociados.com\/de\/lic-jose-ledezma\/","title":{"rendered":"Lic. Jos\u00e9 Ledezma"},"content":{"rendered":"<div class=\"wpb-content-wrapper\"><p>[vc_row][vc_column][vc_empty_space][\/vc_column][\/vc_row][vc_row css=&#8221;.vc_custom_1459505865030{margin-bottom: 100px !important;}&#8221;][vc_column width=&#8221;3\/4&#8243;][vc_column_text css=&#8221;.vc_custom_1583959157156{margin-bottom: 50px !important;}&#8221;]<\/p>\n<div class=\"thrv_wrapper thrv_contentbox_shortcode\" data-tve-style=\"3\">\n<div class=\"tve_cb tve_cb3 tve_white\">\n<h3><span class=\"bold_text\" style=\"font-size: 14pt;\">Jos\u00e9 Joaqu\u00edn Ledezma &#8211; Partner<img loading=\"lazy\" decoding=\"async\" class=\"size-medium wp-image-2293 alignright\" src=\"https:\/\/alegalyasociados.com\/wp-content\/uploads\/2020\/03\/F-ALEGAL-BN-5-234x300.jpg\" alt=\"\" width=\"234\" height=\"300\" srcset=\"https:\/\/alegalyasociados.com\/wp-content\/uploads\/2020\/03\/F-ALEGAL-BN-5-234x300.jpg 234w, https:\/\/alegalyasociados.com\/wp-content\/uploads\/2020\/03\/F-ALEGAL-BN-5-799x1024.jpg 799w, https:\/\/alegalyasociados.com\/wp-content\/uploads\/2020\/03\/F-ALEGAL-BN-5-768x984.jpg 768w, https:\/\/alegalyasociados.com\/wp-content\/uploads\/2020\/03\/F-ALEGAL-BN-5-1199x1536.jpg 1199w, https:\/\/alegalyasociados.com\/wp-content\/uploads\/2020\/03\/F-ALEGAL-BN-5-1599x2048.jpg 1599w, https:\/\/alegalyasociados.com\/wp-content\/uploads\/2020\/03\/F-ALEGAL-BN-5-scaled.jpg 1998w\" sizes=\"auto, (max-width: 234px) 100vw, 234px\" \/><\/span><\/h3>\n<p class=\"\"><span style=\"font-size: 14pt;\">Kontakt: j.ledezma@alegalyasociados.com<\/span><\/p>\n<\/div>\n<\/div>\n<p><span style=\"font-size: 14pt;\"><img loading=\"lazy\" decoding=\"async\" class=\" wp-image-2316 alignnone\" src=\"https:\/\/alegalyasociados.com\/wp-content\/uploads\/2020\/03\/icon-whatsap.png\" alt=\"\" width=\"26\" height=\"25\" \/> <strong><span style=\"font-family: comic sans ms, sans-serif;\">+507 6672-4147<\/span><\/strong><\/span><\/p>\n<div class=\"thrv_wrapper thrv_contentbox_shortcode\" data-tve-style=\"3\">\n<div class=\"tve_cb tve_cb3 tve_white\">\n<div class=\"thrv_wrapper thrv_contentbox_shortcode\" data-tve-style=\"3\">\n<div class=\"tve_cb tve_cb3 tve_white\">\n<h3 class=\"tve_hd tve_cb_cnt\" data-tve-custom-colour=\"23967845\"><span style=\"font-size: 14pt;\">Gesch\u00e4ftszweige<\/span><\/h3>\n<div class=\"tve_cb_cnt\">\n<p class=\"tvealignjustify\"><span style=\"font-size: 14pt;\"><em><span class=\"bold_text\"><span style=\"color: #151515;\">Bank- und Finanzwesen Handels- und Gesellschaftsrecht | Fusionen und \u00dcbernahmen Projektentwicklung und Finanzierung B\u00f6rsenregulierung | Strukturierung von Emissionen<\/span><\/span><\/em><\/span><\/p>\n<p>&nbsp;<\/p>\n<\/div>\n<\/div>\n<\/div>\n<p class=\"tvealignjustify\"><span style=\"font-size: 14pt;\">Vor seinem Eintritt in die Kanzlei arbeitete Herr Ledezma bei verschiedenen \u00f6rtlichen Banken und sammelte Erfahrung in der praktischen Anwendung des Rechts auf dem Kapitalmarkt, in der Ausarbeitung von Vertr\u00e4gen, in der Strukturierung, in der Registrierung von Wertpapieren und in Verwaltungsverfahren. Au\u00dferdem nahm er an zahlreichen spezialisierten Seminaren in der Vorbeugung von Geldw\u00e4sche teil.<\/span><\/p>\n<p class=\"tvealignjustify\"><span style=\"font-size: 14pt;\">Gleichzeitig \u00fcbte er die allgemeine Rechtspraxis unabh\u00e4ngig aus, was ihm eine globale Vision der institutionellen und pers\u00f6nlichen Bed\u00fcrfnisse der Mandanten erm\u00f6glicht.<\/span><\/p>\n<p class=\"tvealignjustify\"><span style=\"font-size: 14pt;\">Herr Ledezma ist Absolvent der Universidad Latina de Panam\u00e1 mit dem Abschluss in Rechts- und Politikwissenschaften.<\/span><\/p>\n<p class=\"tvealignjustify\"><span style=\"font-size: 14pt;\">2015 wurde er von der Florida International University und der Florida International Bankers Association (FIBA) mit dem renommierten \u201eAnti Money Laundering Certified Associate\u201c zertifiziert.<\/span><\/p>\n<p class=\"\"><span style=\"font-size: 14pt;\">Mitglied der nationalen Anwaltskammer seit 2009.<\/span><\/p>\n<\/div>\n<\/div>\n<p><span style=\"font-size: 14pt;\">[\/vc_column_text][\/vc_column][vc_column width=&#8221;1\/4&#8243;][stm_sidebar sidebar=&#8221;311&#8243;][\/vc_column][\/vc_row]<\/span><\/p>\n<\/div>","protected":false},"excerpt":{"rendered":"<p>[vc_row][vc_column][vc_empty_space][\/vc_column][\/vc_row][vc_row css=&#8221;.vc_custom_1459505865030{margin-bottom: 100px !important;}&#8221;][vc_column width=&#8221;3\/4&#8243;][vc_column_text css=&#8221;.vc_custom_1583959157156{margin-bottom: 50px !important;}&#8221;] Jos\u00e9 Joaqu\u00edn Ledezma &#8211; Partner Kontakt: j.ledezma@alegalyasociados.com +507 6672-4147 Gesch\u00e4ftszweige Bank- und Finanzwesen Handels- und Gesellschaftsrecht | Fusionen und \u00dcbernahmen Projektentwicklung und Finanzierung B\u00f6rsenregulierung | Strukturierung von Emissionen &nbsp; Vor seinem Eintritt in die Kanzlei arbeitete Herr Ledezma bei verschiedenen \u00f6rtlichen Banken und sammelte Erfahrung in der<\/p>\n","protected":false},"author":2,"featured_media":0,"parent":0,"menu_order":0,"comment_status":"closed","ping_status":"closed","template":"","meta":{"amp_status":"","footnotes":""},"class_list":["post-2247","page","type-page","status-publish","hentry"],"_links":{"self":[{"href":"https:\/\/alegalyasociados.com\/de\/wp-json\/wp\/v2\/pages\/2247","targetHints":{"allow":["GET"]}}],"collection":[{"href":"https:\/\/alegalyasociados.com\/de\/wp-json\/wp\/v2\/pages"}],"about":[{"href":"https:\/\/alegalyasociados.com\/de\/wp-json\/wp\/v2\/types\/page"}],"author":[{"embeddable":true,"href":"https:\/\/alegalyasociados.com\/de\/wp-json\/wp\/v2\/users\/2"}],"replies":[{"embeddable":true,"href":"https:\/\/alegalyasociados.com\/de\/wp-json\/wp\/v2\/comments?post=2247"}],"version-history":[{"count":14,"href":"https:\/\/alegalyasociados.com\/de\/wp-json\/wp\/v2\/pages\/2247\/revisions"}],"predecessor-version":[{"id":2666,"href":"https:\/\/alegalyasociados.com\/de\/wp-json\/wp\/v2\/pages\/2247\/revisions\/2666"}],"wp:attachment":[{"href":"https:\/\/alegalyasociados.com\/de\/wp-json\/wp\/v2\/media?parent=2247"}],"curies":[{"name":"wp","href":"https:\/\/api.w.org\/{rel}","templated":true}]}}