{"id":2243,"date":"2020-02-11T15:33:36","date_gmt":"2020-02-11T20:33:36","guid":{"rendered":"http:\/\/alegalyasociados.com\/?page_id=2243"},"modified":"2020-05-29T16:35:45","modified_gmt":"2020-05-29T21:35:45","slug":"mg-tabare-albarracini","status":"publish","type":"page","link":"https:\/\/alegalyasociados.com\/de\/mg-tabare-albarracini\/","title":{"rendered":"Mg. Tabar\u00e9 Albarracini"},"content":{"rendered":"<div class=\"wpb-content-wrapper\"><p><span style=\"font-size: 14pt;\">[vc_row][vc_column][vc_empty_space][\/vc_column][\/vc_row][vc_row css=&#8221;.vc_custom_1459505865030{margin-bottom: 100px !important;}&#8221;][vc_column width=&#8221;3\/4&#8243;][vc_column_text css=&#8221;.vc_custom_1583959054228{margin-bottom: 50px !important;}&#8221;]<\/span><\/p>\n<div class=\"thrv_wrapper thrv_contentbox_shortcode\" data-tve-style=\"3\">\n<div class=\"tve_cb tve_cb3 tve_white\">\n<h3><span class=\"bold_text\" style=\"font-size: 14pt;\"><span class=\"tve_custom_font_size\"><span style=\"font-size: 14pt;\">Tabar\u00e9 Albarracini &#8211; Partner:<\/span><img loading=\"lazy\" decoding=\"async\" class=\"size-medium wp-image-2300 alignright\" src=\"https:\/\/alegalyasociados.com\/wp-content\/uploads\/2020\/03\/F-ALEGAL-BN-16-212x300.jpg\" alt=\"\" width=\"212\" height=\"300\" srcset=\"https:\/\/alegalyasociados.com\/wp-content\/uploads\/2020\/03\/F-ALEGAL-BN-16-212x300.jpg 212w, https:\/\/alegalyasociados.com\/wp-content\/uploads\/2020\/03\/F-ALEGAL-BN-16-725x1024.jpg 725w, https:\/\/alegalyasociados.com\/wp-content\/uploads\/2020\/03\/F-ALEGAL-BN-16-768x1085.jpg 768w, https:\/\/alegalyasociados.com\/wp-content\/uploads\/2020\/03\/F-ALEGAL-BN-16-1088x1536.jpg 1088w, https:\/\/alegalyasociados.com\/wp-content\/uploads\/2020\/03\/F-ALEGAL-BN-16-1450x2048.jpg 1450w, https:\/\/alegalyasociados.com\/wp-content\/uploads\/2020\/03\/F-ALEGAL-BN-16-scaled.jpg 1813w\" sizes=\"auto, (max-width: 212px) 100vw, 212px\" \/><\/span><\/span><\/h3>\n<p class=\"\"><span style=\"font-size: 14pt;\">Kontakt: t.albarracini@alegalyasociados.com\u200b<\/span><\/p>\n<p><span style=\"font-size: 14pt;\"><img loading=\"lazy\" decoding=\"async\" class=\" wp-image-2316 alignnone\" src=\"https:\/\/alegalyasociados.com\/wp-content\/uploads\/2020\/03\/icon-whatsap.png\" alt=\"\" width=\"26\" height=\"25\" \/> <strong>+507 6000-5256<br \/>\n<\/strong><\/span><\/p>\n<p>&nbsp;<\/p>\n<div class=\"thrv_wrapper thrv_contentbox_shortcode\" data-tve-style=\"3\">\n<div class=\"tve_cb tve_cb3 tve_white\">\n<h3 class=\"tve_hd tve_cb_cnt\" data-tve-custom-colour=\"23967845\"><span style=\"font-size: 14pt;\">Gesch\u00e4ftszweige<\/span><\/h3>\n<div class=\"tve_cb_cnt\">\n<p class=\"tvealignjustify\"><span style=\"font-size: 14pt;\"><em><span style=\"color: #151515;\"><span class=\"bold_text\">Bank- und Finanzwesen Handels- und Gesellschaftsrecht | Umweltrecht | Fusionen und \u00dcbernahmen Entwicklung und Finanzierung von <\/span><\/span><\/em>Projekten | Regulierungsrecht, Energie und Telekommunikation B\u00f6rsenregulierung | Eingliederung in das horizontale Eigentumsregime<\/span><\/p>\n<p>&nbsp;<\/p>\n<\/div>\n<\/div>\n<\/div>\n<p class=\"tvealignjustify\"><span style=\"font-size: 14pt;\">Vor der Gr\u00fcndung von ALBARRACINI, LEDEZMA, GARATE, LONDO\u00d1O Y ASOCIADOS (ALEGAL), Mg. Albarracini sammelte Erfahrung als Rechtsanwalt in der Handelsabteilung einer bekannten lokalen Kanzlei, die sich mit Fragen im Zusammenhang mit Fusionen und \u00dcbernahmen, Projektfinanzierung, Umweltrecht, Vertr\u00e4gen, Wertpapieren und der Eingliederung in das horizontale Immobilienregime befasste.<\/span><\/p>\n<p class=\"tvealignjustify\"><span style=\"font-size: 14pt;\">Mg. Albarracini ist Absolvent der Universidad Latina de Panam\u00e1 mit dem Abschluss in Rechts- und Politikwissenschaft. Er hat auch einen Master-Abschluss in Wirtschaftsanalyse der Rechts- und \u00f6ffentlicher Ordnung von der Rechtsfakult\u00e4t der Universit\u00e4t von Salamanca, Spanien. Die Masterarbeit befasste sich mit dem Thema: \u201eAnalyse der regulatorischen Auswirkungen des K\u00f6niglichen Dekrets 1000 von 2010 auf die obligatorische Gremium-Bescheinigung\u201c.<\/span><\/p>\n<p class=\"\"><span style=\"font-size: 14pt;\">Mitglied der nationalen Anwaltskammer seit 2009.<\/span><\/p>\n<\/div>\n<\/div>\n<p><span style=\"font-size: 14pt;\">[\/vc_column_text][\/vc_column][vc_column width=&#8221;1\/4&#8243;][stm_sidebar sidebar=&#8221;311&#8243;][\/vc_column][\/vc_row]<\/span><\/p>\n<\/div>","protected":false},"excerpt":{"rendered":"<p>[vc_row][vc_column][vc_empty_space][\/vc_column][\/vc_row][vc_row css=&#8221;.vc_custom_1459505865030{margin-bottom: 100px !important;}&#8221;][vc_column width=&#8221;3\/4&#8243;][vc_column_text css=&#8221;.vc_custom_1583959054228{margin-bottom: 50px !important;}&#8221;] Tabar\u00e9 Albarracini &#8211; Partner: Kontakt: t.albarracini@alegalyasociados.com\u200b +507 6000-5256 &nbsp; Gesch\u00e4ftszweige Bank- und Finanzwesen Handels- und Gesellschaftsrecht | Umweltrecht | Fusionen und \u00dcbernahmen Entwicklung und Finanzierung von Projekten | Regulierungsrecht, Energie und Telekommunikation B\u00f6rsenregulierung | Eingliederung in das horizontale Eigentumsregime &nbsp; Vor der Gr\u00fcndung von ALBARRACINI, LEDEZMA, GARATE,<\/p>\n","protected":false},"author":2,"featured_media":0,"parent":0,"menu_order":0,"comment_status":"closed","ping_status":"closed","template":"","meta":{"amp_status":"","footnotes":""},"class_list":["post-2243","page","type-page","status-publish","hentry"],"_links":{"self":[{"href":"https:\/\/alegalyasociados.com\/de\/wp-json\/wp\/v2\/pages\/2243","targetHints":{"allow":["GET"]}}],"collection":[{"href":"https:\/\/alegalyasociados.com\/de\/wp-json\/wp\/v2\/pages"}],"about":[{"href":"https:\/\/alegalyasociados.com\/de\/wp-json\/wp\/v2\/types\/page"}],"author":[{"embeddable":true,"href":"https:\/\/alegalyasociados.com\/de\/wp-json\/wp\/v2\/users\/2"}],"replies":[{"embeddable":true,"href":"https:\/\/alegalyasociados.com\/de\/wp-json\/wp\/v2\/comments?post=2243"}],"version-history":[{"count":10,"href":"https:\/\/alegalyasociados.com\/de\/wp-json\/wp\/v2\/pages\/2243\/revisions"}],"predecessor-version":[{"id":2664,"href":"https:\/\/alegalyasociados.com\/de\/wp-json\/wp\/v2\/pages\/2243\/revisions\/2664"}],"wp:attachment":[{"href":"https:\/\/alegalyasociados.com\/de\/wp-json\/wp\/v2\/media?parent=2243"}],"curies":[{"name":"wp","href":"https:\/\/api.w.org\/{rel}","templated":true}]}}