{"id":1700,"date":"2017-02-11T14:33:55","date_gmt":"2017-02-11T14:33:55","guid":{"rendered":"http:\/\/consulting.stylemixthemes.com\/demo\/?page_id=1700"},"modified":"2020-05-29T15:13:19","modified_gmt":"2020-05-29T20:13:19","slug":"sobre-nosotros","status":"publish","type":"page","link":"https:\/\/alegalyasociados.com\/de\/sobre-nosotros\/","title":{"rendered":"\u00dcber uns"},"content":{"rendered":"<div class=\"wpb-content-wrapper\"><p>[vc_row full_width=&#8221;stretch_row&#8221; css=&#8221;.vc_custom_1485516797007{margin-top: -75px !important;margin-bottom: 55px !important;padding-top: 81px !important;padding-bottom: 78px !important;background-color: #f2f2f2 !important;}&#8221;]<\/p>\n<p>[vc_column width=&#8221;7\/12&#8243;]<\/p>\n<p>[vc_column_text css=&#8221;.vc_custom_1581448864435{margin-bottom: 25px !important;}&#8221;]<\/p>\n<div class=\"wpb_text_column wpb_content_element vc_custom_1581448864435\">\n<div class=\"wpb_wrapper\">\n<p><span style=\"font-family: verdana, geneva, sans-serif;\">ALBARRACINI, LEDEZMA, GARATE, LONDO\u00d1O Y ASOCIADOS (ALEGAL) ist eine renommierte Anwaltskanzlei in Panama, die sich haupts\u00e4chlich mit der Bereitstellung eines umfassenden Rechtsdienstes befasst.<\/span><\/p>\n<p><span style=\"font-family: verdana, geneva, sans-serif;\">Daf\u00fcr verf\u00fcgt die Anwaltskanzlei \u00fcber Spezialisten in allen Rechtsbereichen, die in der Lage sind, ihre Mandanten praktische, wirtschaftliche und gegebenenfalls kreative L\u00f6sungen anzubieten.<\/span><\/p>\n<p><span style=\"font-family: verdana, geneva, sans-serif;\">Die B\u00fcros von ALBARRACINI, LEDEZMA, GARATE, LONDO\u00d1O Y ASOCIADOS (ALEGAL) befinden sich in Panama City und es bestehen Allianzen mit internationalen Anwaltskanzleien, um ihren Mandanten einen exzellenten Service zu garantieren.<\/span><\/p>\n<\/div>\n<\/div>\n<div class=\"wpb_text_column wpb_content_element \">\n<div class=\"wpb_wrapper\">\n<blockquote style=\"background-color: #ffffff;\"><p>Exzellenz und Erfahrung in der Konfliktl\u00f6sung ist unser Motto. Kreativit\u00e4t und Engagement auf der Suche nach den besten Ergebnissen.<\/p><\/blockquote>\n<\/div>\n<\/div>\n<p>&nbsp;<\/p>\n<p>[\/vc_column][vc_column width=&#8221;5\/12&#8243;]<\/p>\n<p>[vc_column_text css=&#8221;.vc_custom_1583960373836{margin-bottom: 25px !important;}&#8221;]<\/p>\n<h3>Unsere Anw\u00e4lte und Partner:<\/h3>\n<p><a href=\"https:\/\/alegalyasociados.com\/de\/mg-tabare-albarracini\/\">Mg. Tabar\u00e9 Albarracini<\/a><br \/>\n<a href=\"https:\/\/alegalyasociados.com\/de\/lic-jose-ledezma\/\">Lic. Jos\u00e9 J. Ledezma<\/a><br \/>\n<a href=\"https:\/\/alegalyasociados.com\/de\/claudia-garate\/\">Licda. Claudia G\u00e1rate<\/a><br \/>\n<a href=\"https:\/\/alegalyasociados.com\/de\/lic-homero-londono\/\">Lic.\u00a0Homero Londo\u00f1o\u200b<\/a><br \/>\n<a href=\"https:\/\/alegalyasociados.com\/de\/gladys-sepulveda\/\">Licda. Gladys Sepulveda\u00a0<\/a><\/p>\n<p>[\/vc_column_text][\/vc_column]<\/p>\n<p>[\/vc_row]<\/p>\n<\/div>","protected":false},"excerpt":{"rendered":"<p>[vc_row full_width=&#8221;stretch_row&#8221; css=&#8221;.vc_custom_1485516797007{margin-top: -75px !important;margin-bottom: 55px !important;padding-top: 81px !important;padding-bottom: 78px !important;background-color: #f2f2f2 !important;}&#8221;] [vc_column width=&#8221;7\/12&#8243;] [vc_column_text css=&#8221;.vc_custom_1581448864435{margin-bottom: 25px !important;}&#8221;] ALBARRACINI, LEDEZMA, GARATE, LONDO\u00d1O Y ASOCIADOS (ALEGAL) ist eine renommierte Anwaltskanzlei in Panama, die sich haupts\u00e4chlich mit der Bereitstellung eines umfassenden Rechtsdienstes befasst. Daf\u00fcr verf\u00fcgt die Anwaltskanzlei \u00fcber Spezialisten in allen Rechtsbereichen, die in der Lage<\/p>\n","protected":false},"author":1,"featured_media":0,"parent":0,"menu_order":0,"comment_status":"closed","ping_status":"closed","template":"","meta":{"amp_status":"enabled","footnotes":""},"class_list":["post-1700","page","type-page","status-publish","hentry"],"_links":{"self":[{"href":"https:\/\/alegalyasociados.com\/de\/wp-json\/wp\/v2\/pages\/1700","targetHints":{"allow":["GET"]}}],"collection":[{"href":"https:\/\/alegalyasociados.com\/de\/wp-json\/wp\/v2\/pages"}],"about":[{"href":"https:\/\/alegalyasociados.com\/de\/wp-json\/wp\/v2\/types\/page"}],"author":[{"embeddable":true,"href":"https:\/\/alegalyasociados.com\/de\/wp-json\/wp\/v2\/users\/1"}],"replies":[{"embeddable":true,"href":"https:\/\/alegalyasociados.com\/de\/wp-json\/wp\/v2\/comments?post=1700"}],"version-history":[{"count":40,"href":"https:\/\/alegalyasociados.com\/de\/wp-json\/wp\/v2\/pages\/1700\/revisions"}],"predecessor-version":[{"id":2660,"href":"https:\/\/alegalyasociados.com\/de\/wp-json\/wp\/v2\/pages\/1700\/revisions\/2660"}],"wp:attachment":[{"href":"https:\/\/alegalyasociados.com\/de\/wp-json\/wp\/v2\/media?parent=1700"}],"curies":[{"name":"wp","href":"https:\/\/api.w.org\/{rel}","templated":true}]}}